{"id":221,"date":"2025-02-14T23:17:22","date_gmt":"2025-02-14T22:17:22","guid":{"rendered":"http:\/\/warmiaimazuryalternatywnie.pl\/?page_id=221"},"modified":"2025-03-02T04:49:55","modified_gmt":"2025-03-02T03:49:55","slug":"oferta","status":"publish","type":"page","link":"http:\/\/warmiaimazuryalternatywnie.pl\/?page_id=221","title":{"rendered":"Oferta"},"content":{"rendered":"\n<h1 class=\"wp-block-heading has-x-large-font-size\">Moje us\u0142ugi<\/h1>\n\n\n\n<p class=\"has-medium-font-size\">Warmia i Mazury to kraina pe\u0142na historii, malowniczych krajobraz\u00f3w i nieoczywistych zak\u0105tk\u00f3w, kt\u00f3re warto pozna\u0107 z kim\u015b, kto zna je jak w\u0142asn\u0105 kiesze\u0144. Je\u015bli chcesz zobaczy\u0107 ten wyj\u0105tkowy region z nowej perspektywy, zapraszam do skorzystania z moich us\u0142ug przewodnickich. <br>W ofercie znajdziesz dwa rodzaje wycieczek:<\/p>\n\n\n\n<div style=\"height:50px\" aria-hidden=\"true\" class=\"wp-block-spacer\"><\/div>\n\n\n\n<div class=\"wp-block-group\"><div class=\"wp-block-group__inner-container is-layout-constrained wp-block-group-is-layout-constrained\">\n<div class=\"wp-block-columns is-layout-flex wp-container-core-columns-is-layout-9d6595d7 wp-block-columns-is-layout-flex\">\n<div class=\"wp-block-column is-vertically-aligned-center is-layout-flow wp-block-column-is-layout-flow\" style=\"flex-basis:20%\"><div class=\"wp-block-image\">\n<figure class=\"aligncenter size-full\"><img loading=\"lazy\" decoding=\"async\" width=\"428\" height=\"457\" src=\"http:\/\/warmiaimazuryalternatywnie.pl\/wp-content\/uploads\/2025\/02\/Autobus.png\" alt=\"\" class=\"wp-image-228\" srcset=\"http:\/\/warmiaimazuryalternatywnie.pl\/wp-content\/uploads\/2025\/02\/Autobus.png 428w, http:\/\/warmiaimazuryalternatywnie.pl\/wp-content\/uploads\/2025\/02\/Autobus-281x300.png 281w\" sizes=\"auto, (max-width: 428px) 100vw, 428px\" \/><\/figure>\n<\/div><\/div>\n\n\n\n<div class=\"wp-block-column is-vertically-aligned-center is-layout-flow wp-block-column-is-layout-flow\" style=\"flex-basis:66.66%\">\n<h2 class=\"wp-block-heading has-x-large-font-size\"><strong>Obs\u0142uga wycieczek autokarowych<\/strong><\/h2>\n\n\n\n<p class=\"has-medium-font-size\">Idealne dla tych, kt\u00f3rzy chc\u0105 zobaczy\u0107 jak najwi\u0119cej w kr\u00f3tkim czasie. Przemierzaj\u0105c malownicze drogi Warmii i Mazur, odwiedzimy historyczne zamki, gotyckie ko\u015bcio\u0142y i ukryte w\u015br\u00f3d krajobraz\u00f3w miejsca pe\u0142ne fascynuj\u0105cych opowie\u015bci.<\/p>\n\n\n\n<p class=\"has-medium-font-size\">Po drodze poznamy smaki regionu, zatrzymuj\u0105c si\u0119 w lokalnych restauracjach i gospodach, gdzie mo\u017cna skosztowa\u0107 tradycyjnych potraw. A w tle podr\u00f3\u017cy nie zabraknie muzycznych akcent\u00f3w \u2013 od dawnych warmi\u0144skich melodii po wsp\u00f3\u0142czesne brzmienia inspirowane t\u0105 niezwyk\u0142\u0105 krain\u0105.<\/p>\n<\/div>\n<\/div>\n\n\n\n<div style=\"height:40px\" aria-hidden=\"true\" class=\"wp-block-spacer\"><\/div>\n<\/div><\/div>\n\n\n\n<div class=\"wp-block-group\"><div class=\"wp-block-group__inner-container is-layout-constrained wp-block-group-is-layout-constrained\">\n<div class=\"wp-block-columns is-layout-flex wp-container-core-columns-is-layout-9d6595d7 wp-block-columns-is-layout-flex\">\n<div class=\"wp-block-column is-vertically-aligned-center is-layout-flow wp-block-column-is-layout-flow\" style=\"flex-basis:20%\"><div class=\"wp-block-image\">\n<figure class=\"aligncenter size-full\"><img loading=\"lazy\" decoding=\"async\" width=\"428\" height=\"457\" src=\"http:\/\/warmiaimazuryalternatywnie.pl\/wp-content\/uploads\/2025\/03\/Pociag.png\" alt=\"\" class=\"wp-image-264\" srcset=\"http:\/\/warmiaimazuryalternatywnie.pl\/wp-content\/uploads\/2025\/03\/Pociag.png 428w, http:\/\/warmiaimazuryalternatywnie.pl\/wp-content\/uploads\/2025\/03\/Pociag-281x300.png 281w\" sizes=\"auto, (max-width: 428px) 100vw, 428px\" \/><\/figure>\n<\/div><\/div>\n\n\n\n<div class=\"wp-block-column is-vertically-aligned-center is-layout-flow wp-block-column-is-layout-flow\" style=\"flex-basis:66.66%\">\n<h2 class=\"wp-block-heading has-x-large-font-size\"><strong>Obs\u0142uga wycieczek kolejowych<\/strong><\/h2>\n\n\n\n<p class=\"has-medium-font-size\">Wyj\u0105tkowa podr\u00f3\u017c przez serce Warmii i Mazur w rytmie stukotu k\u00f3\u0142. Trasy kolejowe poprowadz\u0105 nas przez malownicze krajobrazy, zabytkowe dworce i ukryte pere\u0142ki regionu, gdzie historia splata si\u0119 z nowoczesno\u015bci\u0105.<\/p>\n\n\n\n<p class=\"has-medium-font-size\">Podczas postoj\u00f3w odkryjemy lokalne smaki w klimatycznych knajpkach i poczujemy ducha dawnych podr\u00f3\u017cy przy d\u017awi\u0119kach warmi\u0144skich i mazurskich melodii. To idealna okazja, by do\u015bwiadczy\u0107 uroku regionu w nie\u015bpiesznym, nostalgiczno-przygodowym stylu.<\/p>\n<\/div>\n<\/div>\n\n\n\n<div class=\"wp-block-group\"><div class=\"wp-block-group__inner-container is-layout-constrained wp-block-group-is-layout-constrained\">\n<div class=\"wp-block-columns is-layout-flex wp-container-core-columns-is-layout-9d6595d7 wp-block-columns-is-layout-flex\">\n<div class=\"wp-block-column is-layout-flow wp-block-column-is-layout-flow\" style=\"flex-basis:33.33%\"><\/div>\n\n\n\n<div class=\"wp-block-column is-layout-flow wp-block-column-is-layout-flow\" style=\"flex-basis:66.66%\"><\/div>\n<\/div>\n<\/div><\/div>\n\n\n\n<div style=\"height:40px\" aria-hidden=\"true\" class=\"wp-block-spacer\"><\/div>\n<\/div><\/div>\n\n\n\n<div class=\"wp-block-group\"><div class=\"wp-block-group__inner-container is-layout-constrained wp-block-group-is-layout-constrained\">\n<div class=\"wp-block-columns is-layout-flex wp-container-core-columns-is-layout-9d6595d7 wp-block-columns-is-layout-flex\">\n<div class=\"wp-block-column is-vertically-aligned-center is-layout-flow wp-block-column-is-layout-flow\" style=\"flex-basis:20%\"><div class=\"wp-block-image is-style-default\">\n<figure class=\"aligncenter size-full\"><img loading=\"lazy\" decoding=\"async\" width=\"428\" height=\"457\" src=\"http:\/\/warmiaimazuryalternatywnie.pl\/wp-content\/uploads\/2025\/02\/Turysta.png\" alt=\"\" class=\"wp-image-255\" srcset=\"http:\/\/warmiaimazuryalternatywnie.pl\/wp-content\/uploads\/2025\/02\/Turysta.png 428w, http:\/\/warmiaimazuryalternatywnie.pl\/wp-content\/uploads\/2025\/02\/Turysta-281x300.png 281w\" sizes=\"auto, (max-width: 428px) 100vw, 428px\" \/><\/figure>\n<\/div><\/div>\n\n\n\n<div class=\"wp-block-column is-vertically-aligned-center is-layout-flow wp-block-column-is-layout-flow\" style=\"flex-basis:66.66%\">\n<h2 class=\"wp-block-heading has-x-large-font-size\">Obs\u0142uga w<strong>ycieczek pieszych<\/strong><\/h2>\n\n\n\n<p class=\"has-medium-font-size\">To podr\u00f3\u017c przez histori\u0119, smaki i d\u017awi\u0119ki Warmii i Mazur. Spaceruj\u0105c po urokliwych miasteczkach, wok\u00f3\u0142 jezior i \u015bredniowiecznych zamk\u00f3w, odkryjesz nieoczywiste opowie\u015bci i legendy regionu.<\/p>\n\n\n\n<p class=\"has-medium-font-size\">Po drodze spr\u00f3bujemy lokalnych przysmak\u00f3w \u2013 od tradycyjnych wypiek\u00f3w po ryby prosto z jeziora. A na koniec ws\u0142uchamy si\u0119 w muzyk\u0119 regionu, od dawnych pie\u015bni po wsp\u00f3\u0142czesne inspiracje. To zwiedzanie wszystkimi zmys\u0142ami!<\/p>\n<\/div>\n<\/div>\n<\/div><\/div>\n\n\n\n<p><\/p>\n","protected":false},"excerpt":{"rendered":"<p>Moje us\u0142ugi Warmia i Mazury to kraina pe\u0142na historii, malowniczych krajobraz\u00f3w i nieoczywistych zak\u0105tk\u00f3w, kt\u00f3re warto pozna\u0107 z kim\u015b, kto zna je jak w\u0142asn\u0105 kiesze\u0144. Je\u015bli chcesz zobaczy\u0107 ten wyj\u0105tkowy region z nowej perspektywy, zapraszam do skorzystania z moich us\u0142ug przewodnickich. W ofercie znajdziesz dwa rodzaje wycieczek: Obs\u0142uga wycieczek autokarowych Idealne dla tych, kt\u00f3rzy chc\u0105 [&hellip;]<\/p>\n","protected":false},"author":1,"featured_media":0,"parent":0,"menu_order":0,"comment_status":"closed","ping_status":"closed","template":"","meta":{"ocean_post_layout":"","ocean_both_sidebars_style":"","ocean_both_sidebars_content_width":0,"ocean_both_sidebars_sidebars_width":0,"ocean_sidebar":"","ocean_second_sidebar":"","ocean_disable_margins":"enable","ocean_add_body_class":"","ocean_shortcode_before_top_bar":"","ocean_shortcode_after_top_bar":"","ocean_shortcode_before_header":"","ocean_shortcode_after_header":"","ocean_has_shortcode":"","ocean_shortcode_after_title":"","ocean_shortcode_before_footer_widgets":"","ocean_shortcode_after_footer_widgets":"","ocean_shortcode_before_footer_bottom":"","ocean_shortcode_after_footer_bottom":"","ocean_display_top_bar":"default","ocean_display_header":"default","ocean_header_style":"","ocean_center_header_left_menu":"","ocean_custom_header_template":"","ocean_custom_logo":0,"ocean_custom_retina_logo":0,"ocean_custom_logo_max_width":0,"ocean_custom_logo_tablet_max_width":0,"ocean_custom_logo_mobile_max_width":0,"ocean_custom_logo_max_height":0,"ocean_custom_logo_tablet_max_height":0,"ocean_custom_logo_mobile_max_height":0,"ocean_header_custom_menu":"","ocean_menu_typo_font_family":"","ocean_menu_typo_font_subset":"","ocean_menu_typo_font_size":0,"ocean_menu_typo_font_size_tablet":0,"ocean_menu_typo_font_size_mobile":0,"ocean_menu_typo_font_size_unit":"px","ocean_menu_typo_font_weight":"","ocean_menu_typo_font_weight_tablet":"","ocean_menu_typo_font_weight_mobile":"","ocean_menu_typo_transform":"","ocean_menu_typo_transform_tablet":"","ocean_menu_typo_transform_mobile":"","ocean_menu_typo_line_height":0,"ocean_menu_typo_line_height_tablet":0,"ocean_menu_typo_line_height_mobile":0,"ocean_menu_typo_line_height_unit":"","ocean_menu_typo_spacing":0,"ocean_menu_typo_spacing_tablet":0,"ocean_menu_typo_spacing_mobile":0,"ocean_menu_typo_spacing_unit":"","ocean_menu_link_color":"","ocean_menu_link_color_hover":"","ocean_menu_link_color_active":"","ocean_menu_link_background":"","ocean_menu_link_hover_background":"","ocean_menu_link_active_background":"","ocean_menu_social_links_bg":"","ocean_menu_social_hover_links_bg":"","ocean_menu_social_links_color":"","ocean_menu_social_hover_links_color":"","ocean_disable_title":"default","ocean_disable_heading":"default","ocean_post_title":"","ocean_post_subheading":"","ocean_post_title_style":"","ocean_post_title_background_color":"","ocean_post_title_background":0,"ocean_post_title_bg_image_position":"","ocean_post_title_bg_image_attachment":"","ocean_post_title_bg_image_repeat":"","ocean_post_title_bg_image_size":"","ocean_post_title_height":0,"ocean_post_title_bg_overlay":0.5,"ocean_post_title_bg_overlay_color":"","ocean_disable_breadcrumbs":"default","ocean_breadcrumbs_color":"","ocean_breadcrumbs_separator_color":"","ocean_breadcrumbs_links_color":"","ocean_breadcrumbs_links_hover_color":"","ocean_display_footer_widgets":"default","ocean_display_footer_bottom":"default","ocean_custom_footer_template":"","footnotes":""},"class_list":["post-221","page","type-page","status-publish","hentry","entry"],"_links":{"self":[{"href":"http:\/\/warmiaimazuryalternatywnie.pl\/index.php?rest_route=\/wp\/v2\/pages\/221","targetHints":{"allow":["GET"]}}],"collection":[{"href":"http:\/\/warmiaimazuryalternatywnie.pl\/index.php?rest_route=\/wp\/v2\/pages"}],"about":[{"href":"http:\/\/warmiaimazuryalternatywnie.pl\/index.php?rest_route=\/wp\/v2\/types\/page"}],"author":[{"embeddable":true,"href":"http:\/\/warmiaimazuryalternatywnie.pl\/index.php?rest_route=\/wp\/v2\/users\/1"}],"replies":[{"embeddable":true,"href":"http:\/\/warmiaimazuryalternatywnie.pl\/index.php?rest_route=%2Fwp%2Fv2%2Fcomments&post=221"}],"version-history":[{"count":24,"href":"http:\/\/warmiaimazuryalternatywnie.pl\/index.php?rest_route=\/wp\/v2\/pages\/221\/revisions"}],"predecessor-version":[{"id":266,"href":"http:\/\/warmiaimazuryalternatywnie.pl\/index.php?rest_route=\/wp\/v2\/pages\/221\/revisions\/266"}],"wp:attachment":[{"href":"http:\/\/warmiaimazuryalternatywnie.pl\/index.php?rest_route=%2Fwp%2Fv2%2Fmedia&parent=221"}],"curies":[{"name":"wp","href":"https:\/\/api.w.org\/{rel}","templated":true}]}}